{"id":152,"date":"2023-12-27T12:28:45","date_gmt":"2023-12-27T12:28:45","guid":{"rendered":"https:\/\/marieketerdoest.nl\/mtd\/?page_id=152"},"modified":"2026-02-05T12:44:36","modified_gmt":"2026-02-05T12:44:36","slug":"bibliografie","status":"publish","type":"page","link":"https:\/\/marieketerdoest.nl\/mtd\/bibliografie\/","title":{"rendered":"Bibliografie"},"content":{"rendered":"<div id=\"top\"><\/div>\n\n<span style=\"display: block; font-weight: bold; font-size: 1em;\">Stukken die ik schreef als (toneel)schrijver<\/span>\n<\/p>\n\n\n\n<span style=\"display: block; font-weight: bold; font-size: 1em;\">Kleuters<\/span>\nEen aantal fragmenten over hoe een kleuter de wereld ervaart, publicatie Buitenkunst 2024<\/p>\n\n\n\n<span style=\"display: block; font-weight: bold; font-size: 1em;\">Van donker naar licht<\/span>\nEen tekst van een dochter over het leven van haar overleden vader, lezing oktober 2023<\/p>\n\n\n\n<span style=\"display: block; font-weight: bold; font-size: 1em;\">Nu<\/span>\nEen paper met als thema \u2018Wie ben ik?\u2019 voor de opleiding Integrale Coaching 2017<\/p>\n\n\n\n<span style=\"display: block; font-weight: bold; font-size: 1em;\">Als ik in de spiegel kijk<\/span>\nColumn voor Psychologie Magazine, 2016<\/p>\n\n\n\n<span style=\"display: block; font-weight: bold; font-size: 1em;\">Kleuters<\/span>\nBundel korte verhalen over hoe een kleuter de wereld ervaart, 2014<\/p>\n\n\n\n<span style=\"display: block; font-weight: bold; font-size: 1em;\">Een vakantie om nooit te vergeten<\/span>\nColumn voor JAN magazine, 1e prijs. Publicatie juli 2013.<\/p>\n\n\n\n<span style=\"display: block; font-weight: bold; font-size: 1em;\">Vrieskou en narcissen<\/span>\nTijdschrift de Cirkel, publicatie november 2012. Een tekst over een vader en een dochter.<\/p>\n\n\n\n<span style=\"display: block; font-weight: bold; font-size: 1em;\">Verhalen uit Transvaal<\/span>\nNew Dutch Connections, 2012. Zes monologen gebaseerd op zes hartverscheurende\nLevensverhalen van vluchtelingen uit de Haagse wijk Transvaal. \n<\/p>\n\n\n\n<span style=\"display: block; font-weight: bold; font-size: 1em;\">Wat ik je altijd al had willen zeggen<\/span>\nColumn voor Psychologie Magazine 1<sup>e<\/sup> prijs, publicatie december 2011. \nEen korte tekst over een moeder en een dochter.<\/p>\n\n\n\n<span style=\"display: block; font-weight: bold; font-size: 1em;\">Willen<\/span>\nTijdschrift de Cirkel, publicatie 2008. Een paper over de zoektocht naar wat je werkelijk wilt. <\/p>\n\n\n\n<span style=\"display: block; font-weight: bold; font-size: 1em;\">Monologen over Afscheid<\/span>\nBuitenkunst. Publicatie najaar 2007. Drie monologen over afscheid.&nbsp;<\/p>\n\n\n\n<p>ISBN 978-90-78644-03-3<\/p>\n\n\n\n<span style=\"display: block; font-weight: bold; font-size: 1em;\">Dialogen over de Liefde<\/span>\nBuitenkunst. Publicatie najaar 2007. Drie dialogen over de liefde.<\/p>\n\n\n\n<p>ISBN 978-90-78644-04-0<\/p>\n\n\n\n<span style=\"display: block; font-weight: bold; font-size: 1em;\">Hoofdzaken<\/span>\nUtrechts Centrum voor de Kunsten (UCK). Een jeugdtheatervoorstelling over\njong volwassenen en identiteit. Publieksprijs 2007. Regie: Wilfred Hermkens.<\/p>\n\n\n\n<span style=\"display: block; font-weight: bold; font-size: 1em;\">Aasgieren<\/span>\nJeugdtheaterschool Dordrecht. Een voorstelling van jong volwassenen over het krampachtig in stand houden van een situatie omdat je elkaar nodig denkt te hebben. Regie: Fransje Kraay, 2006.<\/p>\n\n\n\n<span style=\"display: block; font-weight: bold; font-size: 1em;\">Slangenkuil<\/span>\nJeugdtheaterschool Dordrecht. Een voorstelling van jong volwassenen over vast zitten op\neen plek waar alles is wat je wenst. Regie: Jasper Damsteegt, 2005.<\/p>\n\n\n\n<span style=\"display: block; font-weight: bold; font-size: 1em;\">Hans en Yildiz<\/span>\nTOG Theaterproducties i.s.m Gemeente Deventer. Een sprookje voor kinderen van 8-12 jaar over een onmogelijke liefde die toch mogelijk blijkt te zijn. Regie: Erik Jan Post, 2004.<\/p>\n\n\n\n<span style=\"display: block; font-weight: bold; font-size: 1em;\">Scheerlijnen<\/span>\nEen stuk voor jongeren over liefde, teleurstelling en met z\u2019n vieren op vakantie gaan. Regie: Jan Willem Slort, 2003.<\/p>\n\n\n\n<span style=\"display: block; font-weight: bold; font-size: 1em;\">Vloerdelen<\/span>\nHumanistische Omroep i.s.m Marlies Cordia. Een hoorspel over een man en een vrouw in een verbouwing, 2003.<\/p>\n\n\n\n<span style=\"display: block; font-weight: bold; font-size: 1em;\">Bloot<\/span>\nStichting Interart Arnhem. Een jeugdvoorstelling over gezien worden en jezelf laten zien. Regie: Soheila Najand, 2003.<\/p>\n\n\n\n<span style=\"display: block; font-weight: bold; font-size: 1em;\">Wolkenkrabbers en Rozenplukkers<\/span>\nStichting Interart Arnhem. Een jeugdvoorstelling over dromen die tot de hemel reiken en angsten die je tegenhouden. Regie: Jurgen Brucker, 2003.<\/p>\n\n\n\n<span style=\"display: block; font-weight: bold; font-size: 1em;\">Ik leef zo\u2019n beetje<\/span>\nStichting Troika. Een voorstelling over een jonge vrouw die zich afvraagt waar het heengaat in haar leven. Actrice: Enne Koens. Regie: Laura van Dolron, 2002.<\/p>\n\n<span style=\"display: block; font-weight: bold; font-size: 1em;\">Graalstaat<\/span>\nLantaren Venster Rotterdam. Een stuk over grote dromen en klein geluk. De Drie Naakte Mannen, 2002.<\/p>\n\n\n<span style=\"display: block; font-weight: bold; font-size: 1em;\">Ma Tilda en Tilly<\/span>\nStichting de Kaap. Een familievoorstelling gebaseerd op het boek Mathilda van Roald Dahl. Regie: Anne Cavadino, 2001.<\/p>\n\n\n<span style=\"display: block; font-weight: bold; font-size: 1em;\">Monologen over de Liefde<\/span>\nBuitenkunst 2001. Monoloog over de liefde. ISBN 90-801049-0-06.<\/p>\n\n\n<span style=\"display: block; font-weight: bold; font-size: 1em;\">Loos<\/span>\nStichting Troika. Een voorstelling over drie vrouwen die met elkaar zitten opgescheept op een Grieks eiland. Actrices: Enne Koens, Gabby Bakker, Izaira Kersten. Regie: Fransje Kraay, 2001.<\/p>\n\n\n<span style=\"display: block; font-weight: bold; font-size: 1em;\">Klem<\/span>\nGasthuis productie. Een mimevoorstelling over symbiose in de liefde. Suzan van den Boogaerdt en Bianca van der Schoot. Regie: Rene Geerlings. Eindregie: Monique Merkx, 2001.<\/p>\n\n\n<span style=\"display: block; font-weight: bold; font-size: 1em;\">Scheur<\/span>\nHet Syndicaat. Een jeugdvoorstelling over vriendschap tussen een jongen en een meisje die over gaat in verliefdheid. Deel van een drieluik. Regie: Danielle Wagenaar, 2000. Winnaar juryprijs jeugdtheaterfestival Rotterdam, 2007.<\/p>\n\n\n<span style=\"display: block; font-weight: bold; font-size: 1em;\">Binnen<\/span>\nFestival Hollandse Nieuwe 4. Een stuk over verzeild raken in een wereld waar je niet meer uit komt. Dramaturgie Rob Scholten. Regie: Shireen Stroker. Publicatie: Dramateksten van Hollandse Nieuwe 4, 2000<\/p>\n\n\n<span style=\"display: block; font-weight: bold; font-size: 1em;\">Ode aan de Burger<\/span>\nOerol productie, Stichting Troika. Een absurdistisch afstudeerstuk over een driehoeksrelatie, geschreven en geregisseerd voor het Oerol-festival, 1999. Nominatie Prins Bernhard Cultuurfonds<\/p>\n\n\n<span style=\"display: block; font-weight: bold; font-size: 1em;\">Adembenemend<\/span>\nDramaschrijfwedstrijd Independence. Een eenakter over een oude vrouw die haar jeugdliefde niet vergeten kan, 1999.<\/p>\n\n\n<span style=\"display: block; font-weight: bold; font-size: 1em;\">All Tomorrows Parties<\/span>\nDramaschrijfwedstrijd Prins Bernhardfonds, 1<sup>e<\/sup> prijs. Een eenakter over een jonge vrouw die worstelt met zichzelf,1999.<\/p>\n\n\n<span style=\"display: block; font-weight: bold; font-size: 1em;\">Mijn Blackie<\/span>\nNieuwpoorttheater Gent. Een stage bij het stuk van de Gentse schrijver, regisseur, theatermaker Arne Sierens, 1998.<\/p>\n\n\n<span style=\"display: block; font-weight: bold; font-size: 1em;\">Trioloog<\/span>\nEen stage bij Blauw Vier, Antwerpen. De voorstelling Trioloog gebaseerd op de roman Talking it Over van Julian Barnes. Regie: Greet Visser, 1998.<\/p>\n\n\n<span style=\"display: block; font-weight: bold; font-size: 1em;\">Morgen tot Morgen<\/span>\nHogeschool voor de Kunsten Utrecht. Afstudeersolo voor actrice Anke Engels, gebaseerd op haar idee\u00ebn over theater en op werk van Marguerite Duras, 1998.<\/p>\n\n\n<span style=\"display: block; font-weight: bold; font-size: 1em;\">Vee<\/span>\nHogeschool voor de Kunsten Utrecht. Afstudeerstuk geschreven voor theatermaker Ramses Graus over twee mannen die hun dagen uitzitten, veroordeeld tot elkaar, 1998.<\/p>\n\n\n<span style=\"display: block; font-weight: bold; font-size: 1em;\">Techniek leeft<\/span>\nTinker i.s.m Gemeente Rotterdam. Educatieve theatervoorstelling over techniek, 1998.<\/p>\n\n\n<span style=\"display: block; font-weight: bold; font-size: 1em;\">Waratah<\/span>\nSTT Producties Zwolle. Jeugdvoorstelling over een meisje dat verlangt naar vrijheid,1997.<\/p>\n\n\n<span style=\"display: block; font-weight: bold; font-size: 1em;\">Neem eens een bloemetje mee<\/span>\nProject Magut Den Haag. Eenakter over een uit de hand gelopen hobby van een man en zijn vrouw die aandacht wil, 1996.<\/p>\n\n\n<span style=\"display: block; font-weight: bold; font-size: 1em;\">Spel<\/span>\nHogeschool voor de Kunsten Utrecht. Afstudeervoorstelling voor Roger Goudsmit, over een jongen die een passie heeft voor voetbal, 1996.<\/p>\n\n <!DOCTYPE html>\n<html lang=\"nl\">\n<head>\n    <meta charset=\"UTF-8\">\n    <title>Inklapbare Sectie met Aangepast Plusteken<\/title>\n    <style>\n        summary {\n            list-style: none;\n            cursor: pointer;\n            position: relative;\n            padding-left: 20px;\n        }\n        summary::before {\n            content: '\\002B'; \/* Unicode voor plusteken (+) *\/\n            color: orange;\n            font-weight: bold;\n            position: absolute;\n            left: 0;\n        }\n        details[open] summary::before {\n            content: '\\2212'; \/* Unicode voor minteken (\u2212) *\/\n        }\n    <\/style>\n<\/head>\n<body>\n    <details>\n        <summary><span style=\"display: block; font-weight: bold; font-size: 1em;\">RECENSIES<\/span><\/summary>\n        <p>\n\n<span style=\"display: block; font-weight: bold; font-size: 1em;\">Een vakantie om nooit te vergeten \u2013 1<sup>e<\/sup> prijs JAN Magazine<\/span>\nEen mislukte vakantie met je gezin kan je ook iets opleveren, namelijk een winnende column in JAN. Uit bijna honderd inzendingen kozen we deze uitblinker, die een hilarische vakantie om nooit te vergeten beschrijft. \u2013 Esther Goedegebuure Hoofdredacteur JAN Magazine<\/p>\n\n\n<span style=\"display: block; font-weight: bold; font-size: 1em;\">Wat ik je altijd al heb willen zeggen \u2013 1<sup>e<\/sup> prijs Psychologie Magazine<\/span>\nWat zou je willen zeggen tegen dat ene familielid als je eindelijk zou durven en echt eerlijk zou zijn? Dit is de allerbeste; de winnende lezersbrief &#8211; Psychologie Magazine.<\/p>\n\n\n\n<\/p>\n<p>Wat me raakte is de sfeer van de woorden waarin lijden en liefde zo hand in hand lijken te gaan. Prachtig en diep &#8211; J. Jurna \u2013 trainer\/coach.<\/p>\n<p><!-- \/wp:post-content --><br \/>\n<!-- wp:paragraph --><br \/>\n<span style=\"display: block; font-weight: bold; font-size: 1em;\">Vrieskou en narcissen <\/span> Een tekst die onder je huid kruipt &#8211; A. Akker \u2013 trainer\/coach.<\/p>\n<p><!-- \/wp:paragraph --><\/p>\n<p><!-- wp:paragraph --><br \/>\n<span style=\"display: block; font-weight: bold; font-size: 1em;\">Willen<\/span><br \/>\nEen schitterend origineel weefwerk van origineel gekozen citaten en eigen tekst. Een prachtig geheel, alsof de citaten en de tekst uit een pen gekomen zijn: de pen van inspiratie. Ine van Oijen \u2013 trainer school voor Zijnsori\u00ebntatie.<\/p>\n<p><!-- \/wp:paragraph --><\/p>\n<p><!-- wp:paragraph --><br \/>\n<span style=\"display: block; font-weight: bold; font-size: 1em;\">Klem \u2013 Gasthuis Productie (Bianca van der Schoot, Suzan van den Boogaerdt)<\/span><br \/>\nDe verhouding tussen de twee wordt vooral duidelijk via de teksten van Marieke ter Doest, die de mores van de topsport tussen aanhalingstekens zet, zoals in het geestige sportinterview. Maartje Somers, Het Parool.<\/p>\n<p><!-- \/wp:paragraph --><\/p>\n<p><!-- wp:paragraph --><\/p>\n<p>De puntige dialogen die Marieke ter Doest op basis van improvisaties schreef, zijn een harmonische mengeling van impulsieve spreektaal en vervreemdende observaties. Mirjam van der Linden, de Volkskrant.<\/p>\n<p><!-- \/wp:paragraph --><\/p>\n<p><!-- wp:paragraph --><br \/>\n<span style=\"display: block; font-weight: bold; font-size: 1em;\">Scheur \u2013 Het Syndicaat<\/span><br \/>\nterwijl de twee pubers onhandig om elkaar heen draaien vertellen ze het publiek hun<br \/>\nzweterige, onzekere puberverlangens naar onstuimige seks. Het is nauwelijks om aan te<br \/>\nzien, zo hoog loopt de spanning op en zo levensecht doet het aan. De jonge, onbevangen<br \/>\nschrijfster Marieke ter Doest, lijkt een nieuw talent te zijn. Anita Twaalfhoven, Trouw.<\/p>\n<p><!-- \/wp:paragraph --><\/p>\n<p><!-- wp:paragraph --><\/p>\n<p>Stiltes en snelle dialogen in wereldpremi\u00e8re. Hitsige teksten en heftig muziekspel bij Scheur. Marlijn Dingshoff, Amersfoortse Courant.<\/p>\n<p><!-- \/wp:paragraph --><\/p>\n<p><!-- wp:paragraph --><\/p>\n<p>De twee gedragen zich als vrienden maar zijn ondertussen dolverliefd op elkaar. Hun<br \/>\naangemeten stoere pose en hun gebrek aan lef, voorkomen dat hier misschien wel een liefde<br \/>\nvoor het leven ontstaat. Het jonge talent Marieke ter Doest, schreef de tekst die het ritme van de beukende punknummers ademt. Adwin de Kluyver, Rotterdams Dagblad.<\/p>\n<p><!-- \/wp:paragraph --><\/p>\n<p><!-- wp:paragraph --><\/p>\n<p>Met een hitsig, kortademig fysiek gevecht als resultaat dat soms over de top gaat, maar door de hilarische tekst van Marieke ter Doest van lucht wordt voorzien. Zelden kwam een beschrijving van onvervulde, erotische tienerverlangens zo eerlijk uit de strot van twee acteurs. Annette Embrechts, Volkskrant.<\/p>\n<p><!-- \/wp:paragraph --><\/p>\n<p><!-- wp:paragraph --><br \/>\n<span style=\"display: block; font-weight: bold; font-size: 1em;\">Ode aan de Burger &#8211; Oerolfestival<\/span><br \/>\nde drie acteurs van Troika kibbelen en bakkeleien zoals het een driemanschap betaamt; over volstrekt niks. Hun dialogen zijn eersteklas absurd. \u2026 De voorstelling heeft haar target. Kester Freriks, Volkskrant.<\/p>\n<p><!-- \/wp:paragraph --><\/p>\n<p><!-- wp:paragraph --><\/p>\n<p>\u2026Alle zondes passeren verhuld in grappige en herkenbare situaties de revue. \u2026 Dankzij de mooie, organische overgangen tussen de sc\u00e8nes is de voorstelling \u00e9\u00e9n geheel. Dagblad Terschelling.<\/p>\n<p><!-- \/wp:paragraph --><\/p>\n<p><!-- wp:paragraph --><br \/>\n<span style=\"display: block; font-weight: bold; font-size: 1em;\">Binnen \u2013 Hollandse Nieuwe<\/span><br \/>\nHarry en Misty raken, eenmaal binnen de groep, verwikkeld in een proces waarbij ze zichzelf en elkaar dreigen te verliezen. Hoe dat in z\u2019n werk gaat, wordt door Marieke ter Doest scherp en met humor geanalyseerd.&nbsp; Regisseur Rob Scholten, Hollandse Nieuwe.<\/p>\n<p><!-- \/wp:paragraph --><\/p>\n<p><!-- wp:paragraph --><br \/>\n<span style=\"display: block; font-weight: bold; font-size: 1em;\">All Tomorrow\u2019s Parties \u2013 1<sup>e<\/sup> prijs Stichting Interakte<\/span><br \/>\nJuryrapport; Hoewel de problematiek van het stuk als typisch vrouwelijk wordt herkend, is de vrouwelijke rol die neergezet wordt, origineel. De vrouw heeft een agressie over zich die weinig wordt gezien onder vrouwelijke personages in de dramatische literatuur. Jury stichting Interakte.<\/p>\n<p><!-- \/wp:paragraph --><\/p>\n<p><!-- wp:paragraph --><\/p>\n<p>\u2026de situatie is pijnlijk, maar wordt met gevoel voor humor getoond. \u2026Vooral op momenten dat de teksten naadloos in elkaar overgaan, spreekt dit stuk sterk tot de verbeelding. Jury Stichting Interakte.<\/p>\n<p><!-- \/wp:paragraph --><\/p>\n<p><!-- wp:paragraph --><br \/>\n<span style=\"display: block; font-weight: bold; font-size: 1em;\">Neem eens een bloemetje mee \u2013 Festival Magut<\/span><br \/>\nFascinerend hoe deze schrijfster zo weet door te dringen tot de essentie van menselijke relaties. Harald Vrijkamp, Trouw.<\/p>\n<p><!-- \/wp:paragraph --><\/p>\n<p><!-- wp:paragraph --><\/p>\n<p>Een belofte voor de toekomst, zondermeer. Dit belooft een hele grote te worden. Suzanne Sanders, NRC Handelsblad.<\/p>\n<p><!-- \/wp:paragraph --><\/p>\n<p><!-- wp:paragraph --><\/p>\n<p>Lang geleden dat ik een eenakter heb gezien met zoveel humor en zoveel vaart. Cees van der Veer, Volkskrant.<\/p>\n<p><!-- \/wp:paragraph --><\/p>\n<\/details>\n<p><\/body><br \/>\n<\/html><\/p>\n<a href=\"#top\" class=\"back-to-top\">\u2191 Terug naar boven<\/a>","protected":false},"excerpt":{"rendered":"<p>Stukken die ik schreef als (toneel)schrijver Kleuters Een aantal fragmenten over hoe een kleuter de wereld ervaart, publicatie Buitenkunst 2024 Van donker naar licht Een tekst van een dochter over het leven van haar overleden vader, lezing oktober 2023 Nu Een paper met als thema \u2018Wie ben ik?\u2019 voor de opleiding Integrale Coaching 2017 Als [&hellip;]<\/p>\n","protected":false},"author":2,"featured_media":60,"parent":0,"menu_order":6,"comment_status":"closed","ping_status":"closed","template":"","meta":{"footnotes":""},"class_list":["post-152","page","type-page","status-publish","hentry"],"yoast_head":"<!-- This site is optimized with the Yoast SEO plugin v27.4 - https:\/\/yoast.com\/product\/yoast-seo-wordpress\/ -->\n<title>Bibliografie - Marieke ter Doest<\/title>\n<meta name=\"robots\" content=\"index, follow, max-snippet:-1, max-image-preview:large, max-video-preview:-1\" \/>\n<link rel=\"canonical\" href=\"https:\/\/marieketerdoest.nl\/mtd\/bibliografie\/\" \/>\n<meta property=\"og:locale\" content=\"nl_NL\" \/>\n<meta property=\"og:type\" content=\"article\" \/>\n<meta property=\"og:title\" content=\"Bibliografie - Marieke ter Doest\" \/>\n<meta property=\"og:description\" content=\"Stukken die ik schreef als (toneel)schrijver Kleuters Een aantal fragmenten over hoe een kleuter de wereld ervaart, publicatie Buitenkunst 2024 Van donker naar licht Een tekst van een dochter over het leven van haar overleden vader, lezing oktober 2023 Nu Een paper met als thema \u2018Wie ben ik?\u2019 voor de opleiding Integrale Coaching 2017 Als [&hellip;]\" \/>\n<meta property=\"og:url\" content=\"https:\/\/marieketerdoest.nl\/mtd\/bibliografie\/\" \/>\n<meta property=\"og:site_name\" content=\"Marieke ter Doest\" \/>\n<meta property=\"article:publisher\" content=\"https:\/\/www.facebook.com\/profile.php?id=100010197433278\" \/>\n<meta property=\"article:modified_time\" content=\"2026-02-05T12:44:36+00:00\" \/>\n<meta property=\"og:image\" content=\"https:\/\/marieketerdoest.nl\/mtd\/wp-content\/uploads\/header5.png\" \/>\n\t<meta property=\"og:image:width\" content=\"1440\" \/>\n\t<meta property=\"og:image:height\" content=\"396\" \/>\n\t<meta property=\"og:image:type\" content=\"image\/png\" \/>\n<meta name=\"twitter:card\" content=\"summary_large_image\" \/>\n<meta name=\"twitter:label1\" content=\"Geschatte leestijd\" \/>\n\t<meta name=\"twitter:data1\" content=\"8 minuten\" \/>\n<script type=\"application\/ld+json\" class=\"yoast-schema-graph\">{\"@context\":\"https:\\\/\\\/schema.org\",\"@graph\":[{\"@type\":\"WebPage\",\"@id\":\"https:\\\/\\\/marieketerdoest.nl\\\/mtd\\\/bibliografie\\\/\",\"url\":\"https:\\\/\\\/marieketerdoest.nl\\\/mtd\\\/bibliografie\\\/\",\"name\":\"Bibliografie - Marieke ter Doest\",\"isPartOf\":{\"@id\":\"https:\\\/\\\/marieketerdoest.nl\\\/mtd\\\/#website\"},\"primaryImageOfPage\":{\"@id\":\"https:\\\/\\\/marieketerdoest.nl\\\/mtd\\\/bibliografie\\\/#primaryimage\"},\"image\":{\"@id\":\"https:\\\/\\\/marieketerdoest.nl\\\/mtd\\\/bibliografie\\\/#primaryimage\"},\"thumbnailUrl\":\"https:\\\/\\\/marieketerdoest.nl\\\/mtd\\\/wp-content\\\/uploads\\\/header5.png\",\"datePublished\":\"2023-12-27T12:28:45+00:00\",\"dateModified\":\"2026-02-05T12:44:36+00:00\",\"breadcrumb\":{\"@id\":\"https:\\\/\\\/marieketerdoest.nl\\\/mtd\\\/bibliografie\\\/#breadcrumb\"},\"inLanguage\":\"nl-NL\",\"potentialAction\":[{\"@type\":\"ReadAction\",\"target\":[\"https:\\\/\\\/marieketerdoest.nl\\\/mtd\\\/bibliografie\\\/\"]}]},{\"@type\":\"ImageObject\",\"inLanguage\":\"nl-NL\",\"@id\":\"https:\\\/\\\/marieketerdoest.nl\\\/mtd\\\/bibliografie\\\/#primaryimage\",\"url\":\"https:\\\/\\\/marieketerdoest.nl\\\/mtd\\\/wp-content\\\/uploads\\\/header5.png\",\"contentUrl\":\"https:\\\/\\\/marieketerdoest.nl\\\/mtd\\\/wp-content\\\/uploads\\\/header5.png\",\"width\":1440,\"height\":396},{\"@type\":\"BreadcrumbList\",\"@id\":\"https:\\\/\\\/marieketerdoest.nl\\\/mtd\\\/bibliografie\\\/#breadcrumb\",\"itemListElement\":[{\"@type\":\"ListItem\",\"position\":1,\"name\":\"Home\",\"item\":\"https:\\\/\\\/marieketerdoest.nl\\\/mtd\\\/\"},{\"@type\":\"ListItem\",\"position\":2,\"name\":\"Bibliografie\"}]},{\"@type\":\"WebSite\",\"@id\":\"https:\\\/\\\/marieketerdoest.nl\\\/mtd\\\/#website\",\"url\":\"https:\\\/\\\/marieketerdoest.nl\\\/mtd\\\/\",\"name\":\"Marieke ter Doest\",\"description\":\"Zin in je leven door te zijn wie je bent en te doen wat bij je past\",\"publisher\":{\"@id\":\"https:\\\/\\\/marieketerdoest.nl\\\/mtd\\\/#organization\"},\"potentialAction\":[{\"@type\":\"SearchAction\",\"target\":{\"@type\":\"EntryPoint\",\"urlTemplate\":\"https:\\\/\\\/marieketerdoest.nl\\\/mtd\\\/?s={search_term_string}\"},\"query-input\":{\"@type\":\"PropertyValueSpecification\",\"valueRequired\":true,\"valueName\":\"search_term_string\"}}],\"inLanguage\":\"nl-NL\"},{\"@type\":\"Organization\",\"@id\":\"https:\\\/\\\/marieketerdoest.nl\\\/mtd\\\/#organization\",\"name\":\"Marieke ter Doest\",\"alternateName\":\"MTD\",\"url\":\"https:\\\/\\\/marieketerdoest.nl\\\/mtd\\\/\",\"logo\":{\"@type\":\"ImageObject\",\"inLanguage\":\"nl-NL\",\"@id\":\"https:\\\/\\\/marieketerdoest.nl\\\/mtd\\\/#\\\/schema\\\/logo\\\/image\\\/\",\"url\":\"https:\\\/\\\/marieketerdoest.nl\\\/mtd\\\/wp-content\\\/uploads\\\/2023\\\/04\\\/mtd-1200x630-1.png\",\"contentUrl\":\"https:\\\/\\\/marieketerdoest.nl\\\/mtd\\\/wp-content\\\/uploads\\\/2023\\\/04\\\/mtd-1200x630-1.png\",\"width\":1200,\"height\":630,\"caption\":\"Marieke ter Doest\"},\"image\":{\"@id\":\"https:\\\/\\\/marieketerdoest.nl\\\/mtd\\\/#\\\/schema\\\/logo\\\/image\\\/\"},\"sameAs\":[\"https:\\\/\\\/www.facebook.com\\\/profile.php?id=100010197433278\",\"https:\\\/\\\/www.linkedin.com\\\/in\\\/marieke-ter-doest-32595772\\\/\"]}]}<\/script>\n<!-- \/ Yoast SEO plugin. -->","yoast_head_json":{"title":"Bibliografie - Marieke ter Doest","robots":{"index":"index","follow":"follow","max-snippet":"max-snippet:-1","max-image-preview":"max-image-preview:large","max-video-preview":"max-video-preview:-1"},"canonical":"https:\/\/marieketerdoest.nl\/mtd\/bibliografie\/","og_locale":"nl_NL","og_type":"article","og_title":"Bibliografie - Marieke ter Doest","og_description":"Stukken die ik schreef als (toneel)schrijver Kleuters Een aantal fragmenten over hoe een kleuter de wereld ervaart, publicatie Buitenkunst 2024 Van donker naar licht Een tekst van een dochter over het leven van haar overleden vader, lezing oktober 2023 Nu Een paper met als thema \u2018Wie ben ik?\u2019 voor de opleiding Integrale Coaching 2017 Als [&hellip;]","og_url":"https:\/\/marieketerdoest.nl\/mtd\/bibliografie\/","og_site_name":"Marieke ter Doest","article_publisher":"https:\/\/www.facebook.com\/profile.php?id=100010197433278","article_modified_time":"2026-02-05T12:44:36+00:00","og_image":[{"width":1440,"height":396,"url":"https:\/\/marieketerdoest.nl\/mtd\/wp-content\/uploads\/header5.png","type":"image\/png"}],"twitter_card":"summary_large_image","twitter_misc":{"Geschatte leestijd":"8 minuten"},"schema":{"@context":"https:\/\/schema.org","@graph":[{"@type":"WebPage","@id":"https:\/\/marieketerdoest.nl\/mtd\/bibliografie\/","url":"https:\/\/marieketerdoest.nl\/mtd\/bibliografie\/","name":"Bibliografie - Marieke ter Doest","isPartOf":{"@id":"https:\/\/marieketerdoest.nl\/mtd\/#website"},"primaryImageOfPage":{"@id":"https:\/\/marieketerdoest.nl\/mtd\/bibliografie\/#primaryimage"},"image":{"@id":"https:\/\/marieketerdoest.nl\/mtd\/bibliografie\/#primaryimage"},"thumbnailUrl":"https:\/\/marieketerdoest.nl\/mtd\/wp-content\/uploads\/header5.png","datePublished":"2023-12-27T12:28:45+00:00","dateModified":"2026-02-05T12:44:36+00:00","breadcrumb":{"@id":"https:\/\/marieketerdoest.nl\/mtd\/bibliografie\/#breadcrumb"},"inLanguage":"nl-NL","potentialAction":[{"@type":"ReadAction","target":["https:\/\/marieketerdoest.nl\/mtd\/bibliografie\/"]}]},{"@type":"ImageObject","inLanguage":"nl-NL","@id":"https:\/\/marieketerdoest.nl\/mtd\/bibliografie\/#primaryimage","url":"https:\/\/marieketerdoest.nl\/mtd\/wp-content\/uploads\/header5.png","contentUrl":"https:\/\/marieketerdoest.nl\/mtd\/wp-content\/uploads\/header5.png","width":1440,"height":396},{"@type":"BreadcrumbList","@id":"https:\/\/marieketerdoest.nl\/mtd\/bibliografie\/#breadcrumb","itemListElement":[{"@type":"ListItem","position":1,"name":"Home","item":"https:\/\/marieketerdoest.nl\/mtd\/"},{"@type":"ListItem","position":2,"name":"Bibliografie"}]},{"@type":"WebSite","@id":"https:\/\/marieketerdoest.nl\/mtd\/#website","url":"https:\/\/marieketerdoest.nl\/mtd\/","name":"Marieke ter Doest","description":"Zin in je leven door te zijn wie je bent en te doen wat bij je past","publisher":{"@id":"https:\/\/marieketerdoest.nl\/mtd\/#organization"},"potentialAction":[{"@type":"SearchAction","target":{"@type":"EntryPoint","urlTemplate":"https:\/\/marieketerdoest.nl\/mtd\/?s={search_term_string}"},"query-input":{"@type":"PropertyValueSpecification","valueRequired":true,"valueName":"search_term_string"}}],"inLanguage":"nl-NL"},{"@type":"Organization","@id":"https:\/\/marieketerdoest.nl\/mtd\/#organization","name":"Marieke ter Doest","alternateName":"MTD","url":"https:\/\/marieketerdoest.nl\/mtd\/","logo":{"@type":"ImageObject","inLanguage":"nl-NL","@id":"https:\/\/marieketerdoest.nl\/mtd\/#\/schema\/logo\/image\/","url":"https:\/\/marieketerdoest.nl\/mtd\/wp-content\/uploads\/2023\/04\/mtd-1200x630-1.png","contentUrl":"https:\/\/marieketerdoest.nl\/mtd\/wp-content\/uploads\/2023\/04\/mtd-1200x630-1.png","width":1200,"height":630,"caption":"Marieke ter Doest"},"image":{"@id":"https:\/\/marieketerdoest.nl\/mtd\/#\/schema\/logo\/image\/"},"sameAs":["https:\/\/www.facebook.com\/profile.php?id=100010197433278","https:\/\/www.linkedin.com\/in\/marieke-ter-doest-32595772\/"]}]}},"jetpack_sharing_enabled":true,"_links":{"self":[{"href":"https:\/\/marieketerdoest.nl\/mtd\/wp-json\/wp\/v2\/pages\/152","targetHints":{"allow":["GET"]}}],"collection":[{"href":"https:\/\/marieketerdoest.nl\/mtd\/wp-json\/wp\/v2\/pages"}],"about":[{"href":"https:\/\/marieketerdoest.nl\/mtd\/wp-json\/wp\/v2\/types\/page"}],"author":[{"embeddable":true,"href":"https:\/\/marieketerdoest.nl\/mtd\/wp-json\/wp\/v2\/users\/2"}],"replies":[{"embeddable":true,"href":"https:\/\/marieketerdoest.nl\/mtd\/wp-json\/wp\/v2\/comments?post=152"}],"version-history":[{"count":58,"href":"https:\/\/marieketerdoest.nl\/mtd\/wp-json\/wp\/v2\/pages\/152\/revisions"}],"predecessor-version":[{"id":1176,"href":"https:\/\/marieketerdoest.nl\/mtd\/wp-json\/wp\/v2\/pages\/152\/revisions\/1176"}],"wp:featuredmedia":[{"embeddable":true,"href":"https:\/\/marieketerdoest.nl\/mtd\/wp-json\/wp\/v2\/media\/60"}],"wp:attachment":[{"href":"https:\/\/marieketerdoest.nl\/mtd\/wp-json\/wp\/v2\/media?parent=152"}],"curies":[{"name":"wp","href":"https:\/\/api.w.org\/{rel}","templated":true}]}}